{"id":60,"date":"2020-02-25T07:58:36","date_gmt":"2020-02-25T07:58:36","guid":{"rendered":"http:\/\/shtheme.org\/demosd\/relxtower\/?page_id=60"},"modified":"2021-07-01T00:49:20","modified_gmt":"2021-07-01T00:49:20","slug":"conocenos","status":"publish","type":"page","link":"https:\/\/kingluxury.cl\/chile\/conocenos\/","title":{"rendered":"Con\u00f3cenos"},"content":{"rendered":"\t\t<div data-elementor-type=\"wp-post\" data-elementor-id=\"60\" class=\"elementor elementor-60\" data-elementor-settings=\"[]\">\n\t\t\t\t\t\t<div class=\"elementor-inner\">\n\t\t\t\t\t\t\t<div class=\"elementor-section-wrap\">\n\t\t\t\t\t\t\t<section class=\"elementor-section elementor-top-section elementor-element elementor-element-8d30309 elementor-section-full_width elementor-section-height-min-height elementor-section-height-default elementor-section-items-middle\" data-id=\"8d30309\" data-element_type=\"section\" data-settings=\"{&quot;background_background&quot;:&quot;classic&quot;}\">\n\t\t\t\t\t\t<div class=\"elementor-container elementor-column-gap-default\">\n\t\t\t\t\t\t\t<div class=\"elementor-row\">\n\t\t\t\t\t<div class=\"elementor-column elementor-col-100 elementor-top-column elementor-element elementor-element-a08ec7a\" data-id=\"a08ec7a\" data-element_type=\"column\">\n\t\t\t<div class=\"elementor-column-wrap\">\n\t\t\t\t\t\t\t<div class=\"elementor-widget-wrap\">\n\t\t\t\t\t\t\t\t<\/div>\n\t\t\t\t\t<\/div>\n\t\t<\/div>\n\t\t\t\t\t\t\t\t<\/div>\n\t\t\t\t\t<\/div>\n\t\t<\/section>\n\t\t\t\t<section class=\"elementor-section elementor-top-section elementor-element elementor-element-5397491 elementor-section-full_width elementor-section-height-default elementor-section-height-default\" data-id=\"5397491\" data-element_type=\"section\">\n\t\t\t\t\t\t<div class=\"elementor-container elementor-column-gap-no\">\n\t\t\t\t\t\t\t<div class=\"elementor-row\">\n\t\t\t\t\t<div class=\"elementor-column elementor-col-100 elementor-top-column elementor-element elementor-element-c6c2de0\" data-id=\"c6c2de0\" data-element_type=\"column\">\n\t\t\t<div class=\"elementor-column-wrap elementor-element-populated\">\n\t\t\t\t\t\t\t<div class=\"elementor-widget-wrap\">\n\t\t\t\t\t\t<div class=\"elementor-element elementor-element-2ac9087 elementor-widget elementor-widget-spacer\" data-id=\"2ac9087\" data-element_type=\"widget\" data-widget_type=\"spacer.default\">\n\t\t\t\t<div class=\"elementor-widget-container\">\n\t\t\t\t\t<div class=\"elementor-spacer\">\n\t\t\t<div class=\"elementor-spacer-inner\"><\/div>\n\t\t<\/div>\n\t\t\t\t<\/div>\n\t\t\t\t<\/div>\n\t\t\t\t\t\t<\/div>\n\t\t\t\t\t<\/div>\n\t\t<\/div>\n\t\t\t\t\t\t\t\t<\/div>\n\t\t\t\t\t<\/div>\n\t\t<\/section>\n\t\t\t\t<section class=\"elementor-section elementor-top-section elementor-element elementor-element-0f51e46 elementor-section-boxed elementor-section-height-default elementor-section-height-default\" data-id=\"0f51e46\" data-element_type=\"section\">\n\t\t\t\t\t\t<div class=\"elementor-container elementor-column-gap-default\">\n\t\t\t\t\t\t\t<div class=\"elementor-row\">\n\t\t\t\t\t<div class=\"elementor-column elementor-col-50 elementor-top-column elementor-element elementor-element-18b2b15 elementor-invisible\" data-id=\"18b2b15\" data-element_type=\"column\" data-settings=\"{&quot;animation&quot;:&quot;fadeIn&quot;}\">\n\t\t\t<div class=\"elementor-column-wrap elementor-element-populated\">\n\t\t\t\t\t\t\t<div class=\"elementor-widget-wrap\">\n\t\t\t\t\t\t<div class=\"elementor-element elementor-element-6ab08a2 elementor-widget elementor-widget-heading\" data-id=\"6ab08a2\" data-element_type=\"widget\" data-widget_type=\"heading.default\">\n\t\t\t\t<div class=\"elementor-widget-container\">\n\t\t\t<h2 class=\"elementor-heading-title elementor-size-default\">WELCOME TO THE KING LUXURY WORLD<\/h2>\t\t<\/div>\n\t\t\t\t<\/div>\n\t\t\t\t<div class=\"elementor-element elementor-element-8c0724b elementor-widget elementor-widget-heading\" data-id=\"8c0724b\" data-element_type=\"widget\" data-widget_type=\"heading.default\">\n\t\t\t\t<div class=\"elementor-widget-container\">\n\t\t\t<h1 class=\"elementor-heading-title elementor-size-default\">Bienvenido a nuestro mundo<\/h1>\t\t<\/div>\n\t\t\t\t<\/div>\n\t\t\t\t<div class=\"elementor-element elementor-element-8900c7d elementor-widget elementor-widget-heading\" data-id=\"8900c7d\" data-element_type=\"widget\" data-widget_type=\"heading.default\">\n\t\t\t\t<div class=\"elementor-widget-container\">\n\t\t\t<h2 class=\"elementor-heading-title elementor-size-default\">Servicios inmobiliarios de alto nivel en Chile y el mundo<\/h2>\t\t<\/div>\n\t\t\t\t<\/div>\n\t\t\t\t<div class=\"elementor-element elementor-element-3190f0a elementor-widget-divider--view-line elementor-widget elementor-widget-divider\" data-id=\"3190f0a\" data-element_type=\"widget\" data-widget_type=\"divider.default\">\n\t\t\t\t<div class=\"elementor-widget-container\">\n\t\t\t\t\t<div class=\"elementor-divider\">\n\t\t\t<span class=\"elementor-divider-separator\">\n\t\t\t\t\t\t<\/span>\n\t\t<\/div>\n\t\t\t\t<\/div>\n\t\t\t\t<\/div>\n\t\t\t\t<div class=\"elementor-element elementor-element-bdbc22e elementor-widget elementor-widget-text-editor\" data-id=\"bdbc22e\" data-element_type=\"widget\" data-widget_type=\"text-editor.default\">\n\t\t\t\t<div class=\"elementor-widget-container\">\n\t\t\t\t\t\t\t\t<div class=\"elementor-text-editor elementor-clearfix\">\n\t\t\t\t\t<p><strong>King Luxury<\/strong> Real Estate es la primera compa\u00f1\u00eda en Chile especializada en la gesti\u00f3n de activos inmobiliarios de alto nivel. En Asociaci\u00f3n con los principales <i>realtors<\/i> en el mundo, proveemos una gesti\u00f3n de nicho dedicada y altamente especializada, con un equipo especialista con m\u00e1s de 10 a\u00f1os de experiencia, quienes enfocan su trabajo hasta en los m\u00e1s m\u00ednimos detalles para conseguir ese cliente objetivo. As\u00ed es, mediante un servicio personalizado apoyamos los requerimientos de nuestro exclusivo portfolio de clientes, quienes buscan adquirir, vender o desarrollar sus exclusivos proyectos inmobiliarios de la mano de verdaderos especialistas.\u00a0<span style=\"font-family: var( --e-global-typography-text-font-family ), Sans-serif; font-weight: var( --e-global-typography-text-font-weight );\">Comun\u00edquese con nosotros para conocer nuestro exclusivo servicio.<\/span><\/p>\t\t\t\t\t<\/div>\n\t\t\t\t\t\t<\/div>\n\t\t\t\t<\/div>\n\t\t\t\t\t\t<\/div>\n\t\t\t\t\t<\/div>\n\t\t<\/div>\n\t\t\t\t<div class=\"elementor-column elementor-col-50 elementor-top-column elementor-element elementor-element-61d7fee elementor-invisible\" data-id=\"61d7fee\" data-element_type=\"column\" data-settings=\"{&quot;animation&quot;:&quot;fadeInRight&quot;}\">\n\t\t\t<div class=\"elementor-column-wrap elementor-element-populated\">\n\t\t\t\t\t\t\t<div class=\"elementor-widget-wrap\">\n\t\t\t\t\t\t<div class=\"elementor-element elementor-element-e84c43e elementor-widget elementor-widget-image\" data-id=\"e84c43e\" data-element_type=\"widget\" data-widget_type=\"image.default\">\n\t\t\t\t<div class=\"elementor-widget-container\">\n\t\t\t\t\t\t\t\t<div class=\"elementor-image\">\n\t\t\t\t\t\t\t\t\t\t\t\t<img loading=\"lazy\" decoding=\"async\" width=\"600\" height=\"600\" src=\"https:\/\/kingluxury.cl\/chile\/wp-content\/uploads\/2021\/06\/01_Nosotros.jpg\" class=\"attachment-large size-large\" alt=\"\" srcset=\"https:\/\/kingluxury.cl\/chile\/wp-content\/uploads\/2021\/06\/01_Nosotros.jpg 600w, https:\/\/kingluxury.cl\/chile\/wp-content\/uploads\/2021\/06\/01_Nosotros-300x300.jpg 300w, https:\/\/kingluxury.cl\/chile\/wp-content\/uploads\/2021\/06\/01_Nosotros-150x150.jpg 150w\" sizes=\"(max-width: 600px) 100vw, 600px\" \/>\t\t\t\t\t\t\t\t\t\t\t\t\t\t<\/div>\n\t\t\t\t\t\t<\/div>\n\t\t\t\t<\/div>\n\t\t\t\t<div class=\"elementor-element elementor-element-439bf5c elementor-blockquote--skin-boxed elementor-absolute elementor-blockquote--button-color-official elementor-widget elementor-widget-blockquote\" data-id=\"439bf5c\" data-element_type=\"widget\" data-settings=\"{&quot;_position&quot;:&quot;absolute&quot;}\" data-widget_type=\"blockquote.default\">\n\t\t\t\t<div class=\"elementor-widget-container\">\n\t\t\t\t\t<blockquote class=\"elementor-blockquote\">\n\t\t\t<p class=\"elementor-blockquote__content\">\n\t\t\t\tExclusividad, Foco y Personalizaci\u00f3n\t\t\t<\/p>\n\t\t\t\t\t<\/blockquote>\n\t\t\t\t<\/div>\n\t\t\t\t<\/div>\n\t\t\t\t\t\t<\/div>\n\t\t\t\t\t<\/div>\n\t\t<\/div>\n\t\t\t\t\t\t\t\t<\/div>\n\t\t\t\t\t<\/div>\n\t\t<\/section>\n\t\t\t\t<section class=\"elementor-section elementor-top-section elementor-element elementor-element-801eb1f elementor-section-full_width elementor-section-height-default elementor-section-height-default\" data-id=\"801eb1f\" data-element_type=\"section\">\n\t\t\t\t\t\t<div class=\"elementor-container elementor-column-gap-no\">\n\t\t\t\t\t\t\t<div class=\"elementor-row\">\n\t\t\t\t\t<div class=\"elementor-column elementor-col-100 elementor-top-column elementor-element elementor-element-bc96216\" data-id=\"bc96216\" data-element_type=\"column\">\n\t\t\t<div class=\"elementor-column-wrap elementor-element-populated\">\n\t\t\t\t\t\t\t<div class=\"elementor-widget-wrap\">\n\t\t\t\t\t\t<div class=\"elementor-element elementor-element-2aa5729 elementor-widget elementor-widget-spacer\" data-id=\"2aa5729\" data-element_type=\"widget\" data-widget_type=\"spacer.default\">\n\t\t\t\t<div class=\"elementor-widget-container\">\n\t\t\t\t\t<div class=\"elementor-spacer\">\n\t\t\t<div class=\"elementor-spacer-inner\"><\/div>\n\t\t<\/div>\n\t\t\t\t<\/div>\n\t\t\t\t<\/div>\n\t\t\t\t<div class=\"elementor-element elementor-element-617d009 elementor-align-left elementor-widget elementor-widget-bdevs-cta\" data-id=\"617d009\" data-element_type=\"widget\" data-widget_type=\"bdevs-cta.default\">\n\t\t\t\t<div class=\"elementor-widget-container\">\n\t\t\t\t\r\n\t\t<section class=\"cta-area cta-bg pt-120 pb-120\" style=\"background-image:url(https:\/\/kingluxury.cl\/chile\/wp-content\/uploads\/2021\/06\/02_Home_Contactenos-8.jpg)\">\r\n\t\t\r\n        <div class=\"container\">\r\n            <div class=\"row justify-content-center text-center\">\r\n                <div class=\"col-lg-12\">\r\n                    <div class=\"section-title cta-title wow fadeInLeft animated\" data-animation=\"fadeInDown animated\" data-delay=\".2s\">\r\n                    \t\t\t\t\t\t\t<p>Don\u2019t hestitate to contact us<\/p>\r\n\t\t\t\t\t\t\t\r\n\t\t\t\t\t\t                        <h2>Coordine una Cita<\/h2>\r\n                        \t\r\n                        \t\r\n\t\t\t\t\t\t\t\t\t\t\t\t <div class=\"cta-btn s-cta-btn wow fadeInRight animated mt-30\" data-animation=\"fadeInDown animated\" data-delay=\".2s\">\r\n\t\t\t\t\t\t\t<a href=\"https:\/\/kingluxury.cl\/chile\/contactanos\/\" class=\"btn\">Cont\u00e1ctenos<\/a>\r\n\t\t\t\t\t\t<\/div>\r\n\t\t\t\t\t\t\t\r\n                    <\/div>       \r\n                <\/div>\r\n            <\/div>\r\n        <\/div>\r\n    <\/section>\r\n\r\n\t\t\t<\/div>\n\t\t\t\t<\/div>\n\t\t\t\t\t\t<\/div>\n\t\t\t\t\t<\/div>\n\t\t<\/div>\n\t\t\t\t\t\t\t\t<\/div>\n\t\t\t\t\t<\/div>\n\t\t<\/section>\n\t\t\t\t\t\t<\/div>\n\t\t\t\t\t\t<\/div>\n\t\t\t\t\t<\/div>\n\t\t","protected":false},"excerpt":{"rendered":"<p>WELCOME TO THE KING LUXURY WORLD Bienvenido a nuestro mundo Servicios inmobiliarios de alto nivel en Chile y el mundo King Luxury Real Estate es la primera compa\u00f1\u00eda en Chile especializada en la gesti\u00f3n de activos inmobiliarios de alto nivel. En Asociaci\u00f3n con los principales realtors en el mundo, proveemos una gesti\u00f3n de nicho dedicada [&hellip;]<\/p>\n","protected":false},"author":2,"featured_media":0,"parent":0,"menu_order":0,"comment_status":"closed","ping_status":"closed","template":"page-templates\/home.php","meta":{"footnotes":""},"_links":{"self":[{"href":"https:\/\/kingluxury.cl\/chile\/wp-json\/wp\/v2\/pages\/60"}],"collection":[{"href":"https:\/\/kingluxury.cl\/chile\/wp-json\/wp\/v2\/pages"}],"about":[{"href":"https:\/\/kingluxury.cl\/chile\/wp-json\/wp\/v2\/types\/page"}],"author":[{"embeddable":true,"href":"https:\/\/kingluxury.cl\/chile\/wp-json\/wp\/v2\/users\/2"}],"replies":[{"embeddable":true,"href":"https:\/\/kingluxury.cl\/chile\/wp-json\/wp\/v2\/comments?post=60"}],"version-history":[{"count":98,"href":"https:\/\/kingluxury.cl\/chile\/wp-json\/wp\/v2\/pages\/60\/revisions"}],"predecessor-version":[{"id":2315,"href":"https:\/\/kingluxury.cl\/chile\/wp-json\/wp\/v2\/pages\/60\/revisions\/2315"}],"wp:attachment":[{"href":"https:\/\/kingluxury.cl\/chile\/wp-json\/wp\/v2\/media?parent=60"}],"curies":[{"name":"wp","href":"https:\/\/api.w.org\/{rel}","templated":true}]}}