{"id":753,"date":"2021-06-18T00:10:32","date_gmt":"2021-06-18T00:10:32","guid":{"rendered":"https:\/\/kingluxury.cl\/chile\/?page_id=753"},"modified":"2021-06-30T23:30:11","modified_gmt":"2021-06-30T23:30:11","slug":"compraventa-de-propiedades","status":"publish","type":"page","link":"https:\/\/kingluxury.cl\/chile\/servicios\/compraventa-de-propiedades\/","title":{"rendered":"Compraventa de propiedades"},"content":{"rendered":"\t\t<div data-elementor-type=\"wp-post\" data-elementor-id=\"753\" class=\"elementor elementor-753\" data-elementor-settings=\"[]\">\n\t\t\t\t\t\t<div class=\"elementor-inner\">\n\t\t\t\t\t\t\t<div class=\"elementor-section-wrap\">\n\t\t\t\t\t\t\t<section class=\"elementor-section elementor-top-section elementor-element elementor-element-f477272 elementor-section-full_width elementor-section-height-min-height elementor-section-height-default elementor-section-items-middle\" data-id=\"f477272\" data-element_type=\"section\" data-settings=\"{&quot;background_background&quot;:&quot;classic&quot;}\">\n\t\t\t\t\t\t<div class=\"elementor-container elementor-column-gap-default\">\n\t\t\t\t\t\t\t<div class=\"elementor-row\">\n\t\t\t\t\t<div class=\"elementor-column elementor-col-100 elementor-top-column elementor-element elementor-element-93cc940\" data-id=\"93cc940\" data-element_type=\"column\">\n\t\t\t<div class=\"elementor-column-wrap\">\n\t\t\t\t\t\t\t<div class=\"elementor-widget-wrap\">\n\t\t\t\t\t\t\t\t<\/div>\n\t\t\t\t\t<\/div>\n\t\t<\/div>\n\t\t\t\t\t\t\t\t<\/div>\n\t\t\t\t\t<\/div>\n\t\t<\/section>\n\t\t\t\t<section class=\"elementor-section elementor-top-section elementor-element elementor-element-285c997 elementor-section-boxed elementor-section-height-default elementor-section-height-default\" data-id=\"285c997\" data-element_type=\"section\">\n\t\t\t\t\t\t<div class=\"elementor-container elementor-column-gap-default\">\n\t\t\t\t\t\t\t<div class=\"elementor-row\">\n\t\t\t\t\t<div class=\"elementor-column elementor-col-100 elementor-top-column elementor-element elementor-element-c835d28\" data-id=\"c835d28\" data-element_type=\"column\">\n\t\t\t<div class=\"elementor-column-wrap elementor-element-populated\">\n\t\t\t\t\t\t\t<div class=\"elementor-widget-wrap\">\n\t\t\t\t\t\t<div class=\"elementor-element elementor-element-56b8856 elementor-widget elementor-widget-spacer\" data-id=\"56b8856\" data-element_type=\"widget\" data-widget_type=\"spacer.default\">\n\t\t\t\t<div class=\"elementor-widget-container\">\n\t\t\t\t\t<div class=\"elementor-spacer\">\n\t\t\t<div class=\"elementor-spacer-inner\"><\/div>\n\t\t<\/div>\n\t\t\t\t<\/div>\n\t\t\t\t<\/div>\n\t\t\t\t\t\t<\/div>\n\t\t\t\t\t<\/div>\n\t\t<\/div>\n\t\t\t\t\t\t\t\t<\/div>\n\t\t\t\t\t<\/div>\n\t\t<\/section>\n\t\t\t\t<section class=\"elementor-section elementor-top-section elementor-element elementor-element-0f51e46 elementor-section-boxed elementor-section-height-default elementor-section-height-default\" data-id=\"0f51e46\" data-element_type=\"section\">\n\t\t\t\t\t\t<div class=\"elementor-container elementor-column-gap-default\">\n\t\t\t\t\t\t\t<div class=\"elementor-row\">\n\t\t\t\t\t<div class=\"elementor-column elementor-col-50 elementor-top-column elementor-element elementor-element-18b2b15 elementor-invisible\" data-id=\"18b2b15\" data-element_type=\"column\" data-settings=\"{&quot;animation&quot;:&quot;fadeIn&quot;}\">\n\t\t\t<div class=\"elementor-column-wrap elementor-element-populated\">\n\t\t\t\t\t\t\t<div class=\"elementor-widget-wrap\">\n\t\t\t\t\t\t<div class=\"elementor-element elementor-element-6ab08a2 elementor-widget elementor-widget-heading\" data-id=\"6ab08a2\" data-element_type=\"widget\" data-widget_type=\"heading.default\">\n\t\t\t\t<div class=\"elementor-widget-container\">\n\t\t\t<h2 class=\"elementor-heading-title elementor-size-default\">A LUXURY PROPERTY SALE SERVICE<\/h2>\t\t<\/div>\n\t\t\t\t<\/div>\n\t\t\t\t<div class=\"elementor-element elementor-element-8c0724b elementor-widget elementor-widget-heading\" data-id=\"8c0724b\" data-element_type=\"widget\" data-widget_type=\"heading.default\">\n\t\t\t\t<div class=\"elementor-widget-container\">\n\t\t\t<h1 class=\"elementor-heading-title elementor-size-default\">Compraventa <br>y Renta de Propiedades<\/h1>\t\t<\/div>\n\t\t\t\t<\/div>\n\t\t\t\t<div class=\"elementor-element elementor-element-8900c7d elementor-widget elementor-widget-heading\" data-id=\"8900c7d\" data-element_type=\"widget\" data-widget_type=\"heading.default\">\n\t\t\t\t<div class=\"elementor-widget-container\">\n\t\t\t<h2 class=\"elementor-heading-title elementor-size-default\">Comercializaci\u00f3n especializada de sus propiedades<\/h2>\t\t<\/div>\n\t\t\t\t<\/div>\n\t\t\t\t<div class=\"elementor-element elementor-element-3190f0a elementor-widget-divider--view-line elementor-widget elementor-widget-divider\" data-id=\"3190f0a\" data-element_type=\"widget\" data-widget_type=\"divider.default\">\n\t\t\t\t<div class=\"elementor-widget-container\">\n\t\t\t\t\t<div class=\"elementor-divider\">\n\t\t\t<span class=\"elementor-divider-separator\">\n\t\t\t\t\t\t<\/span>\n\t\t<\/div>\n\t\t\t\t<\/div>\n\t\t\t\t<\/div>\n\t\t\t\t<div class=\"elementor-element elementor-element-bdbc22e elementor-widget elementor-widget-text-editor\" data-id=\"bdbc22e\" data-element_type=\"widget\" data-widget_type=\"text-editor.default\">\n\t\t\t\t<div class=\"elementor-widget-container\">\n\t\t\t\t\t\t\t\t<div class=\"elementor-text-editor elementor-clearfix\">\n\t\t\t\t\t<p>En <strong>King Luxury<\/strong> Real Estate brindamos un servicio integral de comercializaci\u00f3n de propiedades de alto nivel, tanto en los procesos de compraventa propiamente tal, como gesti\u00f3n de renta (alquiler). Cualquiera sea el caso, nuestro servicio incluye desde la asesor\u00eda en la prospecci\u00f3n inmobiliaria hasta la documentaci\u00f3n t\u00e9cnica-legal-comercial de cada operaci\u00f3n, incluyendo los procesos legales de estudio, elaboraci\u00f3n y suscripci\u00f3n de contratos en cualquiera de las modalidades requeridas. Comun\u00edquese con nosotros para conocer los detalles del servicio y las tarifas preferenciales de nuestra asesor\u00eda.<\/p>\t\t\t\t\t<\/div>\n\t\t\t\t\t\t<\/div>\n\t\t\t\t<\/div>\n\t\t\t\t\t\t<\/div>\n\t\t\t\t\t<\/div>\n\t\t<\/div>\n\t\t\t\t<div class=\"elementor-column elementor-col-50 elementor-top-column elementor-element elementor-element-61d7fee elementor-invisible\" data-id=\"61d7fee\" data-element_type=\"column\" data-settings=\"{&quot;animation&quot;:&quot;fadeInRight&quot;}\">\n\t\t\t<div class=\"elementor-column-wrap elementor-element-populated\">\n\t\t\t\t\t\t\t<div class=\"elementor-widget-wrap\">\n\t\t\t\t\t\t<div class=\"elementor-element elementor-element-e84c43e elementor-widget elementor-widget-image\" data-id=\"e84c43e\" data-element_type=\"widget\" data-widget_type=\"image.default\">\n\t\t\t\t<div class=\"elementor-widget-container\">\n\t\t\t\t\t\t\t\t<div class=\"elementor-image\">\n\t\t\t\t\t\t\t\t\t\t\t\t<img loading=\"lazy\" decoding=\"async\" width=\"600\" height=\"600\" src=\"https:\/\/kingluxury.cl\/chile\/wp-content\/uploads\/2021\/06\/02_Compraventa.jpg\" class=\"attachment-large size-large\" alt=\"\" srcset=\"https:\/\/kingluxury.cl\/chile\/wp-content\/uploads\/2021\/06\/02_Compraventa.jpg 600w, https:\/\/kingluxury.cl\/chile\/wp-content\/uploads\/2021\/06\/02_Compraventa-300x300.jpg 300w, https:\/\/kingluxury.cl\/chile\/wp-content\/uploads\/2021\/06\/02_Compraventa-150x150.jpg 150w\" sizes=\"(max-width: 600px) 100vw, 600px\" \/>\t\t\t\t\t\t\t\t\t\t\t\t\t\t<\/div>\n\t\t\t\t\t\t<\/div>\n\t\t\t\t<\/div>\n\t\t\t\t<div class=\"elementor-element elementor-element-439bf5c elementor-blockquote--skin-boxed elementor-absolute elementor-blockquote--button-color-official elementor-widget elementor-widget-blockquote\" data-id=\"439bf5c\" data-element_type=\"widget\" data-settings=\"{&quot;_position&quot;:&quot;absolute&quot;}\" data-widget_type=\"blockquote.default\">\n\t\t\t\t<div class=\"elementor-widget-container\">\n\t\t\t\t\t<blockquote class=\"elementor-blockquote\">\n\t\t\t<p class=\"elementor-blockquote__content\">\n\t\t\t\tGesti\u00f3n integral y personalizada\t\t\t<\/p>\n\t\t\t\t\t<\/blockquote>\n\t\t\t\t<\/div>\n\t\t\t\t<\/div>\n\t\t\t\t\t\t<\/div>\n\t\t\t\t\t<\/div>\n\t\t<\/div>\n\t\t\t\t\t\t\t\t<\/div>\n\t\t\t\t\t<\/div>\n\t\t<\/section>\n\t\t\t\t<section class=\"elementor-section elementor-top-section elementor-element elementor-element-801eb1f elementor-section-full_width elementor-section-height-default elementor-section-height-default\" data-id=\"801eb1f\" data-element_type=\"section\">\n\t\t\t\t\t\t<div class=\"elementor-container elementor-column-gap-no\">\n\t\t\t\t\t\t\t<div class=\"elementor-row\">\n\t\t\t\t\t<div class=\"elementor-column elementor-col-100 elementor-top-column elementor-element elementor-element-bc96216\" data-id=\"bc96216\" data-element_type=\"column\">\n\t\t\t<div class=\"elementor-column-wrap elementor-element-populated\">\n\t\t\t\t\t\t\t<div class=\"elementor-widget-wrap\">\n\t\t\t\t\t\t<div class=\"elementor-element elementor-element-2aa5729 elementor-widget elementor-widget-spacer\" data-id=\"2aa5729\" data-element_type=\"widget\" data-widget_type=\"spacer.default\">\n\t\t\t\t<div class=\"elementor-widget-container\">\n\t\t\t\t\t<div class=\"elementor-spacer\">\n\t\t\t<div class=\"elementor-spacer-inner\"><\/div>\n\t\t<\/div>\n\t\t\t\t<\/div>\n\t\t\t\t<\/div>\n\t\t\t\t<div class=\"elementor-element elementor-element-617d009 elementor-align-left elementor-widget elementor-widget-bdevs-cta\" data-id=\"617d009\" data-element_type=\"widget\" data-widget_type=\"bdevs-cta.default\">\n\t\t\t\t<div class=\"elementor-widget-container\">\n\t\t\t\t\r\n\t\t<section class=\"cta-area cta-bg pt-120 pb-120\" style=\"background-image:url(https:\/\/kingluxury.cl\/chile\/wp-content\/uploads\/2021\/06\/02_Home_Contactenos-8.jpg)\">\r\n\t\t\r\n        <div class=\"container\">\r\n            <div class=\"row justify-content-center text-center\">\r\n                <div class=\"col-lg-12\">\r\n                    <div class=\"section-title cta-title wow fadeInLeft animated\" data-animation=\"fadeInDown animated\" data-delay=\".2s\">\r\n                    \t\t\t\t\t\t\t<p>Don\u2019t hestitate to contact us<\/p>\r\n\t\t\t\t\t\t\t\r\n\t\t\t\t\t\t                        <h2>Coordine una Cita<\/h2>\r\n                        \t\r\n                        \t\r\n\t\t\t\t\t\t\t\t\t\t\t\t <div class=\"cta-btn s-cta-btn wow fadeInRight animated mt-30\" data-animation=\"fadeInDown animated\" data-delay=\".2s\">\r\n\t\t\t\t\t\t\t<a href=\"https:\/\/kingluxury.cl\/chile\/contactanos\/\" class=\"btn\">Cont\u00e1ctenos<\/a>\r\n\t\t\t\t\t\t<\/div>\r\n\t\t\t\t\t\t\t\r\n                    <\/div>       \r\n                <\/div>\r\n            <\/div>\r\n        <\/div>\r\n    <\/section>\r\n\r\n\t\t\t<\/div>\n\t\t\t\t<\/div>\n\t\t\t\t\t\t<\/div>\n\t\t\t\t\t<\/div>\n\t\t<\/div>\n\t\t\t\t\t\t\t\t<\/div>\n\t\t\t\t\t<\/div>\n\t\t<\/section>\n\t\t\t\t\t\t<\/div>\n\t\t\t\t\t\t<\/div>\n\t\t\t\t\t<\/div>\n\t\t","protected":false},"excerpt":{"rendered":"<p>A LUXURY PROPERTY SALE SERVICE Compraventa y Renta de Propiedades Comercializaci\u00f3n especializada de sus propiedades En King Luxury Real Estate brindamos un servicio integral de comercializaci\u00f3n de propiedades de alto nivel, tanto en los procesos de compraventa propiamente tal, como gesti\u00f3n de renta (alquiler). Cualquiera sea el caso, nuestro servicio incluye desde la asesor\u00eda en [&hellip;]<\/p>\n","protected":false},"author":2,"featured_media":0,"parent":62,"menu_order":0,"comment_status":"closed","ping_status":"closed","template":"page-templates\/home.php","meta":{"footnotes":""},"_links":{"self":[{"href":"https:\/\/kingluxury.cl\/chile\/wp-json\/wp\/v2\/pages\/753"}],"collection":[{"href":"https:\/\/kingluxury.cl\/chile\/wp-json\/wp\/v2\/pages"}],"about":[{"href":"https:\/\/kingluxury.cl\/chile\/wp-json\/wp\/v2\/types\/page"}],"author":[{"embeddable":true,"href":"https:\/\/kingluxury.cl\/chile\/wp-json\/wp\/v2\/users\/2"}],"replies":[{"embeddable":true,"href":"https:\/\/kingluxury.cl\/chile\/wp-json\/wp\/v2\/comments?post=753"}],"version-history":[{"count":37,"href":"https:\/\/kingluxury.cl\/chile\/wp-json\/wp\/v2\/pages\/753\/revisions"}],"predecessor-version":[{"id":2249,"href":"https:\/\/kingluxury.cl\/chile\/wp-json\/wp\/v2\/pages\/753\/revisions\/2249"}],"up":[{"embeddable":true,"href":"https:\/\/kingluxury.cl\/chile\/wp-json\/wp\/v2\/pages\/62"}],"wp:attachment":[{"href":"https:\/\/kingluxury.cl\/chile\/wp-json\/wp\/v2\/media?parent=753"}],"curies":[{"name":"wp","href":"https:\/\/api.w.org\/{rel}","templated":true}]}}