{"id":755,"date":"2021-06-18T00:11:55","date_gmt":"2021-06-18T00:11:55","guid":{"rendered":"https:\/\/kingluxury.cl\/chile\/?page_id=755"},"modified":"2021-07-18T18:44:15","modified_gmt":"2021-07-18T18:44:15","slug":"interiorismo","status":"publish","type":"page","link":"https:\/\/kingluxury.cl\/chile\/servicios\/interiorismo\/","title":{"rendered":"Interiorismo"},"content":{"rendered":"\t\t<div data-elementor-type=\"wp-post\" data-elementor-id=\"755\" class=\"elementor elementor-755\" data-elementor-settings=\"[]\">\n\t\t\t\t\t\t<div class=\"elementor-inner\">\n\t\t\t\t\t\t\t<div class=\"elementor-section-wrap\">\n\t\t\t\t\t\t\t<section class=\"elementor-section elementor-top-section elementor-element elementor-element-91ca7c8 elementor-section-full_width elementor-section-height-min-height elementor-section-height-default elementor-section-items-middle\" data-id=\"91ca7c8\" data-element_type=\"section\" data-settings=\"{&quot;background_background&quot;:&quot;classic&quot;}\">\n\t\t\t\t\t\t<div class=\"elementor-container elementor-column-gap-default\">\n\t\t\t\t\t\t\t<div class=\"elementor-row\">\n\t\t\t\t\t<div class=\"elementor-column elementor-col-100 elementor-top-column elementor-element elementor-element-5e4a915\" data-id=\"5e4a915\" data-element_type=\"column\">\n\t\t\t<div class=\"elementor-column-wrap\">\n\t\t\t\t\t\t\t<div class=\"elementor-widget-wrap\">\n\t\t\t\t\t\t\t\t<\/div>\n\t\t\t\t\t<\/div>\n\t\t<\/div>\n\t\t\t\t\t\t\t\t<\/div>\n\t\t\t\t\t<\/div>\n\t\t<\/section>\n\t\t\t\t<section class=\"elementor-section elementor-top-section elementor-element elementor-element-c5272e1 elementor-section-boxed elementor-section-height-default elementor-section-height-default\" data-id=\"c5272e1\" data-element_type=\"section\">\n\t\t\t\t\t\t<div class=\"elementor-container elementor-column-gap-default\">\n\t\t\t\t\t\t\t<div class=\"elementor-row\">\n\t\t\t\t\t<div class=\"elementor-column elementor-col-100 elementor-top-column elementor-element elementor-element-d6eda09\" data-id=\"d6eda09\" data-element_type=\"column\">\n\t\t\t<div class=\"elementor-column-wrap elementor-element-populated\">\n\t\t\t\t\t\t\t<div class=\"elementor-widget-wrap\">\n\t\t\t\t\t\t<div class=\"elementor-element elementor-element-42a352a elementor-widget elementor-widget-spacer\" data-id=\"42a352a\" data-element_type=\"widget\" data-widget_type=\"spacer.default\">\n\t\t\t\t<div class=\"elementor-widget-container\">\n\t\t\t\t\t<div class=\"elementor-spacer\">\n\t\t\t<div class=\"elementor-spacer-inner\"><\/div>\n\t\t<\/div>\n\t\t\t\t<\/div>\n\t\t\t\t<\/div>\n\t\t\t\t\t\t<\/div>\n\t\t\t\t\t<\/div>\n\t\t<\/div>\n\t\t\t\t\t\t\t\t<\/div>\n\t\t\t\t\t<\/div>\n\t\t<\/section>\n\t\t\t\t<section class=\"elementor-section elementor-top-section elementor-element elementor-element-0f51e46 elementor-section-boxed elementor-section-height-default elementor-section-height-default\" data-id=\"0f51e46\" data-element_type=\"section\">\n\t\t\t\t\t\t<div class=\"elementor-container elementor-column-gap-default\">\n\t\t\t\t\t\t\t<div class=\"elementor-row\">\n\t\t\t\t\t<div class=\"elementor-column elementor-col-50 elementor-top-column elementor-element elementor-element-18b2b15 elementor-invisible\" data-id=\"18b2b15\" data-element_type=\"column\" data-settings=\"{&quot;animation&quot;:&quot;fadeIn&quot;}\">\n\t\t\t<div class=\"elementor-column-wrap elementor-element-populated\">\n\t\t\t\t\t\t\t<div class=\"elementor-widget-wrap\">\n\t\t\t\t\t\t<div class=\"elementor-element elementor-element-6ab08a2 elementor-widget elementor-widget-heading\" data-id=\"6ab08a2\" data-element_type=\"widget\" data-widget_type=\"heading.default\">\n\t\t\t\t<div class=\"elementor-widget-container\">\n\t\t\t<h2 class=\"elementor-heading-title elementor-size-default\">INTERIOR DESIGN &amp; DECORATION<\/h2>\t\t<\/div>\n\t\t\t\t<\/div>\n\t\t\t\t<div class=\"elementor-element elementor-element-8c0724b elementor-widget elementor-widget-heading\" data-id=\"8c0724b\" data-element_type=\"widget\" data-widget_type=\"heading.default\">\n\t\t\t\t<div class=\"elementor-widget-container\">\n\t\t\t<h1 class=\"elementor-heading-title elementor-size-default\">Interiorismo<br>&amp; Decoraci\u00f3n<\/h1>\t\t<\/div>\n\t\t\t\t<\/div>\n\t\t\t\t<div class=\"elementor-element elementor-element-8900c7d elementor-widget elementor-widget-heading\" data-id=\"8900c7d\" data-element_type=\"widget\" data-widget_type=\"heading.default\">\n\t\t\t\t<div class=\"elementor-widget-container\">\n\t\t\t<h2 class=\"elementor-heading-title elementor-size-default\">Lujo + Sofisticaci\u00f3n + Vanguardia <\/h2>\t\t<\/div>\n\t\t\t\t<\/div>\n\t\t\t\t<div class=\"elementor-element elementor-element-3190f0a elementor-widget-divider--view-line elementor-widget elementor-widget-divider\" data-id=\"3190f0a\" data-element_type=\"widget\" data-widget_type=\"divider.default\">\n\t\t\t\t<div class=\"elementor-widget-container\">\n\t\t\t\t\t<div class=\"elementor-divider\">\n\t\t\t<span class=\"elementor-divider-separator\">\n\t\t\t\t\t\t<\/span>\n\t\t<\/div>\n\t\t\t\t<\/div>\n\t\t\t\t<\/div>\n\t\t\t\t<div class=\"elementor-element elementor-element-bdbc22e elementor-widget elementor-widget-text-editor\" data-id=\"bdbc22e\" data-element_type=\"widget\" data-widget_type=\"text-editor.default\">\n\t\t\t\t<div class=\"elementor-widget-container\">\n\t\t\t\t\t\t\t\t<div class=\"elementor-text-editor elementor-clearfix\">\n\t\t\t\t\t<p>En <strong>King Luxury<\/strong> Real Estate contamos con un equipo especializado en dise\u00f1o de espacios y decoraci\u00f3n. De la mano de los mejores estudios interioristas y casas de decoraci\u00f3n ofrecemos una asesor\u00eda integral, que inicia con la propuesta de dise\u00f1o inicial, <i>layout<\/i>,\u00a0\u00a0<i>stetic landing<\/i>, hasta su realizaci\u00f3n, la cual considera la adquisici\u00f3n de los recursos, instalaci\u00f3n y entrega.\u00a0<span style=\"font-family: var( --e-global-typography-text-font-family ), Sans-serif; font-weight: var( --e-global-typography-text-font-weight );\">Comun\u00edquese con nosotros para conocer los detalles del servicio y las tarifas preferenciales de nuestra asesor\u00eda.<\/span><\/p>\t\t\t\t\t<\/div>\n\t\t\t\t\t\t<\/div>\n\t\t\t\t<\/div>\n\t\t\t\t\t\t<\/div>\n\t\t\t\t\t<\/div>\n\t\t<\/div>\n\t\t\t\t<div class=\"elementor-column elementor-col-50 elementor-top-column elementor-element elementor-element-61d7fee elementor-invisible\" data-id=\"61d7fee\" data-element_type=\"column\" data-settings=\"{&quot;animation&quot;:&quot;fadeIn&quot;}\">\n\t\t\t<div class=\"elementor-column-wrap elementor-element-populated\">\n\t\t\t\t\t\t\t<div class=\"elementor-widget-wrap\">\n\t\t\t\t\t\t<div class=\"elementor-element elementor-element-e84c43e elementor-widget elementor-widget-image\" data-id=\"e84c43e\" data-element_type=\"widget\" data-widget_type=\"image.default\">\n\t\t\t\t<div class=\"elementor-widget-container\">\n\t\t\t\t\t\t\t\t<div class=\"elementor-image\">\n\t\t\t\t\t\t\t\t\t\t\t\t<img loading=\"lazy\" decoding=\"async\" width=\"600\" height=\"600\" src=\"https:\/\/kingluxury.cl\/chile\/wp-content\/uploads\/2021\/06\/interi.jpg\" class=\"attachment-large size-large\" alt=\"\" srcset=\"https:\/\/kingluxury.cl\/chile\/wp-content\/uploads\/2021\/06\/interi.jpg 600w, https:\/\/kingluxury.cl\/chile\/wp-content\/uploads\/2021\/06\/interi-300x300.jpg 300w, https:\/\/kingluxury.cl\/chile\/wp-content\/uploads\/2021\/06\/interi-150x150.jpg 150w\" sizes=\"(max-width: 600px) 100vw, 600px\" \/>\t\t\t\t\t\t\t\t\t\t\t\t\t\t<\/div>\n\t\t\t\t\t\t<\/div>\n\t\t\t\t<\/div>\n\t\t\t\t<div class=\"elementor-element elementor-element-439bf5c elementor-blockquote--skin-boxed elementor-absolute elementor-blockquote--button-color-official elementor-widget elementor-widget-blockquote\" data-id=\"439bf5c\" data-element_type=\"widget\" data-settings=\"{&quot;_position&quot;:&quot;absolute&quot;}\" data-widget_type=\"blockquote.default\">\n\t\t\t\t<div class=\"elementor-widget-container\">\n\t\t\t\t\t<blockquote class=\"elementor-blockquote\">\n\t\t\t<p class=\"elementor-blockquote__content\">\n\t\t\t\tExperiencia y vanguardia en el dise\u00f1o est\u00e9tico y funcional de los espacios y su decoraci\u00f3n\t\t\t<\/p>\n\t\t\t\t\t<\/blockquote>\n\t\t\t\t<\/div>\n\t\t\t\t<\/div>\n\t\t\t\t\t\t<\/div>\n\t\t\t\t\t<\/div>\n\t\t<\/div>\n\t\t\t\t\t\t\t\t<\/div>\n\t\t\t\t\t<\/div>\n\t\t<\/section>\n\t\t\t\t<section class=\"elementor-section elementor-top-section elementor-element elementor-element-801eb1f elementor-section-full_width elementor-section-height-default elementor-section-height-default\" data-id=\"801eb1f\" data-element_type=\"section\">\n\t\t\t\t\t\t<div class=\"elementor-container elementor-column-gap-no\">\n\t\t\t\t\t\t\t<div class=\"elementor-row\">\n\t\t\t\t\t<div class=\"elementor-column elementor-col-100 elementor-top-column elementor-element elementor-element-bc96216\" data-id=\"bc96216\" data-element_type=\"column\">\n\t\t\t<div class=\"elementor-column-wrap elementor-element-populated\">\n\t\t\t\t\t\t\t<div class=\"elementor-widget-wrap\">\n\t\t\t\t\t\t<div class=\"elementor-element elementor-element-2aa5729 elementor-widget elementor-widget-spacer\" data-id=\"2aa5729\" data-element_type=\"widget\" data-widget_type=\"spacer.default\">\n\t\t\t\t<div class=\"elementor-widget-container\">\n\t\t\t\t\t<div class=\"elementor-spacer\">\n\t\t\t<div class=\"elementor-spacer-inner\"><\/div>\n\t\t<\/div>\n\t\t\t\t<\/div>\n\t\t\t\t<\/div>\n\t\t\t\t<div class=\"elementor-element elementor-element-617d009 elementor-align-left elementor-widget elementor-widget-bdevs-cta\" data-id=\"617d009\" data-element_type=\"widget\" data-widget_type=\"bdevs-cta.default\">\n\t\t\t\t<div class=\"elementor-widget-container\">\n\t\t\t\t\r\n\t\t<section class=\"cta-area cta-bg pt-120 pb-120\" style=\"background-image:url(https:\/\/kingluxury.cl\/chile\/wp-content\/uploads\/2021\/06\/02_Home_Contactenos-8.jpg)\">\r\n\t\t\r\n        <div class=\"container\">\r\n            <div class=\"row justify-content-center text-center\">\r\n                <div class=\"col-lg-12\">\r\n                    <div class=\"section-title cta-title wow fadeInLeft animated\" data-animation=\"fadeInDown animated\" data-delay=\".2s\">\r\n                    \t\t\t\t\t\t\t<p>Don\u2019t hestitate to contact us<\/p>\r\n\t\t\t\t\t\t\t\r\n\t\t\t\t\t\t                        <h2>Coordine una Cita<\/h2>\r\n                        \t\r\n                        \t\r\n\t\t\t\t\t\t\t\t\t\t\t\t <div class=\"cta-btn s-cta-btn wow fadeInRight animated mt-30\" data-animation=\"fadeInDown animated\" data-delay=\".2s\">\r\n\t\t\t\t\t\t\t<a href=\"https:\/\/kingluxury.cl\/chile\/contactanos\/\" class=\"btn\">Cont\u00e1ctenos<\/a>\r\n\t\t\t\t\t\t<\/div>\r\n\t\t\t\t\t\t\t\r\n                    <\/div>       \r\n                <\/div>\r\n            <\/div>\r\n        <\/div>\r\n    <\/section>\r\n\r\n\t\t\t<\/div>\n\t\t\t\t<\/div>\n\t\t\t\t\t\t<\/div>\n\t\t\t\t\t<\/div>\n\t\t<\/div>\n\t\t\t\t\t\t\t\t<\/div>\n\t\t\t\t\t<\/div>\n\t\t<\/section>\n\t\t\t\t\t\t<\/div>\n\t\t\t\t\t\t<\/div>\n\t\t\t\t\t<\/div>\n\t\t","protected":false},"excerpt":{"rendered":"<p>INTERIOR DESIGN &amp; DECORATION Interiorismo&amp; Decoraci\u00f3n Lujo + Sofisticaci\u00f3n + Vanguardia En King Luxury Real Estate contamos con un equipo especializado en dise\u00f1o de espacios y decoraci\u00f3n. De la mano de los mejores estudios interioristas y casas de decoraci\u00f3n ofrecemos una asesor\u00eda integral, que inicia con la propuesta de dise\u00f1o inicial, layout,\u00a0\u00a0stetic landing, hasta su [&hellip;]<\/p>\n","protected":false},"author":2,"featured_media":0,"parent":62,"menu_order":0,"comment_status":"closed","ping_status":"closed","template":"page-templates\/home.php","meta":{"footnotes":""},"_links":{"self":[{"href":"https:\/\/kingluxury.cl\/chile\/wp-json\/wp\/v2\/pages\/755"}],"collection":[{"href":"https:\/\/kingluxury.cl\/chile\/wp-json\/wp\/v2\/pages"}],"about":[{"href":"https:\/\/kingluxury.cl\/chile\/wp-json\/wp\/v2\/types\/page"}],"author":[{"embeddable":true,"href":"https:\/\/kingluxury.cl\/chile\/wp-json\/wp\/v2\/users\/2"}],"replies":[{"embeddable":true,"href":"https:\/\/kingluxury.cl\/chile\/wp-json\/wp\/v2\/comments?post=755"}],"version-history":[{"count":46,"href":"https:\/\/kingluxury.cl\/chile\/wp-json\/wp\/v2\/pages\/755\/revisions"}],"predecessor-version":[{"id":2638,"href":"https:\/\/kingluxury.cl\/chile\/wp-json\/wp\/v2\/pages\/755\/revisions\/2638"}],"up":[{"embeddable":true,"href":"https:\/\/kingluxury.cl\/chile\/wp-json\/wp\/v2\/pages\/62"}],"wp:attachment":[{"href":"https:\/\/kingluxury.cl\/chile\/wp-json\/wp\/v2\/media?parent=755"}],"curies":[{"name":"wp","href":"https:\/\/api.w.org\/{rel}","templated":true}]}}